{"id":802,"date":"2026-03-31T22:12:15","date_gmt":"2026-03-31T22:12:15","guid":{"rendered":"https:\/\/pythonia.fr\/?page_id=802"},"modified":"2026-04-01T14:05:28","modified_gmt":"2026-04-01T14:05:28","slug":"formationsw","status":"publish","type":"page","link":"https:\/\/pythonia.fr\/index.php\/formationsw\/","title":{"rendered":"Formationsw"},"content":{"rendered":"\t\t<div data-elementor-type=\"wp-page\" data-elementor-id=\"802\" class=\"elementor elementor-802\">\n\t\t\t\t<div class=\"elementor-element elementor-element-61679da e-flex e-con-boxed e-con e-parent\" data-id=\"61679da\" data-element_type=\"container\" data-e-type=\"container\">\n\t\t\t\t\t<div class=\"e-con-inner\">\n\t\t\t\t<div class=\"elementor-element elementor-element-32f8228 elementor-widget elementor-widget-html\" data-id=\"32f8228\" data-element_type=\"widget\" data-e-type=\"widget\" data-widget_type=\"html.default\">\n\t\t\t\t\t<div class=\"pyth-formations\">\r\n\r\n  <!-- BLOC 1 : Fondamentaux Python -->\r\n  <div class=\"pyth-bloc\" data-color=\"green\" onclick=\"pythToggle(this)\" style=\"cursor:pointer;margin-bottom:12px;\">\r\n    <div class=\"pyth-bloc-header\" style=\"display:flex;align-items:center;justify-content:space-between;padding:10px 0;\">\r\n      <div class=\"pyth-bloc-info\">\r\n        <div class=\"pyth-bloc-title\" style=\"font-size:18px;font-weight:600;\">\ud83d\udfe2 Fondamentaux Python<\/div>\r\n        <div class=\"pyth-bloc-objectif\" style=\"font-size:14px;color:#777;\">Objectif : acqu\u00e9rir des bases solides et rapidement exploitables<\/div>\r\n      <\/div>\r\n      <div class=\"pyth-bloc-arrow\" style=\"font-size:20px;transition:transform 0.3s;\">\u25be<\/div>\r\n    <\/div>\r\n    <div class=\"pyth-bloc-content\" style=\"display:none;padding:10px 0;\">\r\n      <div class=\"pyth-formation\" style=\"margin-bottom:10px;\">\r\n        <div class=\"pyth-formation-titre\" style=\"font-weight:600;\">Python pour d\u00e9butants<\/div>\r\n        <div class=\"pyth-formation-desc\" style=\"color:#666;\">Apprendre les bases du langage et \u00e9crire ses premiers scripts<\/div>\r\n      <\/div>\r\n      <div class=\"pyth-formation\">\r\n        <div class=\"pyth-formation-titre\" style=\"font-weight:600;\">Librairies Python pour la Data Science<\/div>\r\n        <div class=\"pyth-formation-desc\" style=\"color:#666;\">Manipuler des donn\u00e9es avec pandas, numpy et visualiser avec matplotlib<\/div>\r\n      <\/div>\r\n    <\/div>\r\n  <\/div>\r\n\r\n  <!-- BLOC 2 : Python & IA appliqu\u00e9s m\u00e9tier -->\r\n  <div class=\"pyth-bloc\" data-color=\"blue\" onclick=\"pythToggle(this)\" style=\"cursor:pointer;margin-bottom:12px;\">\r\n    <div class=\"pyth-bloc-header\" style=\"display:flex;align-items:center;justify-content:space-between;padding:10px 0;\">\r\n      <div class=\"pyth-bloc-info\">\r\n        <div class=\"pyth-bloc-title\" style=\"font-size:18px;font-weight:600;\">\ud83d\udd35 Python & IA appliqu\u00e9s m\u00e9tier \ud83d\udd25<\/div>\r\n        <div class=\"pyth-bloc-objectif\" style=\"font-size:14px;color:#777;\">Objectif : automatiser et cr\u00e9er de la valeur concr\u00e8te en entreprise<\/div>\r\n      <\/div>\r\n      <div class=\"pyth-bloc-arrow\" style=\"font-size:20px;transition:transform 0.3s;\">\u25be<\/div>\r\n    <\/div>\r\n    <div class=\"pyth-bloc-content\" style=\"display:none;padding:10px 0;\">\r\n      <div class=\"pyth-formation\" style=\"margin-bottom:10px;\">\r\n        <div class=\"pyth-formation-titre\" style=\"font-weight:600;\">Automatiser ses processus m\u00e9tier avec Python & IA<\/div>\r\n        <div class=\"pyth-formation-desc\" style=\"color:#666;\">Mettre en place des scripts pour traiter des fichiers (Excel, PDF, donn\u00e9es) et automatiser des t\u00e2ches r\u00e9p\u00e9titives<\/div>\r\n      <\/div>\r\n      <div class=\"pyth-formation\">\r\n        <div class=\"pyth-formation-titre\" style=\"font-weight:600;\">D\u00e9velopper son activit\u00e9 avec l'Intelligence Artificielle (Python & Prompt)<\/div>\r\n        <div class=\"pyth-formation-desc\" style=\"color:#666;\">Utiliser l'IA pour produire du contenu, g\u00e9n\u00e9rer des opportunit\u00e9s et automatiser sa prospection<\/div>\r\n      <\/div>\r\n    <\/div>\r\n  <\/div>\r\n\r\n  <!-- BLOC 3 : IA avanc\u00e9e -->\r\n  <div class=\"pyth-bloc\" data-color=\"red\" onclick=\"pythToggle(this)\" style=\"cursor:pointer;margin-bottom:12px;\">\r\n    <div class=\"pyth-bloc-header\" style=\"display:flex;align-items:center;justify-content:space-between;padding:10px 0;\">\r\n      <div class=\"pyth-bloc-info\">\r\n        <div class=\"pyth-bloc-title\" style=\"font-size:18px;font-weight:600;\">\ud83d\udd34 IA avanc\u00e9e<\/div>\r\n        <div class=\"pyth-bloc-objectif\" style=\"font-size:14px;color:#777;\">Objectif : aller plus loin sur des cas techniques et analytiques<\/div>\r\n      <\/div>\r\n      <div class=\"pyth-bloc-arrow\" style=\"font-size:20px;transition:transform 0.3s;\">\u25be<\/div>\r\n    <\/div>\r\n    <div class=\"pyth-bloc-content\" style=\"display:none;padding:10px 0;\">\r\n      <div class=\"pyth-formation\" style=\"margin-bottom:10px;\">\r\n        <div class=\"pyth-formation-titre\" style=\"font-weight:600;\">Machine Learning appliqu\u00e9 (cas concrets m\u00e9tiers)<\/div>\r\n        <div class=\"pyth-formation-desc\" style=\"color:#666;\">Construire des mod\u00e8les simples pour analyser et pr\u00e9dire \u00e0 partir de donn\u00e9es<\/div>\r\n      <\/div>\r\n      <div class=\"pyth-formation\">\r\n        <div class=\"pyth-formation-titre\" style=\"font-weight:600;\">Analyser des textes avec Python et l'IA (NLP)<\/div>\r\n        <div class=\"pyth-formation-desc\" style=\"color:#666;\">Extraire, structurer et analyser automatiquement des contenus textuels<\/div>\r\n      <\/div>\r\n    <\/div>\r\n  <\/div>\r\n\r\n<\/div>\r\n\t\t\t\t<\/div>\n\t\t\t\t\t<\/div>\n\t\t\t\t<\/div>\n\t\t\t\t<\/div>\n\t\t","protected":false},"excerpt":{"rendered":"<p>\ud83d\udfe2 Fondamentaux Python Objectif : acqu\u00e9rir des bases solides et rapidement exploitables \u25be Python pour d\u00e9butants Apprendre les bases du [&hellip;]<\/p>\n","protected":false},"author":1,"featured_media":0,"parent":0,"menu_order":0,"comment_status":"closed","ping_status":"closed","template":"","meta":{"site-sidebar-layout":"no-sidebar","site-content-layout":"","ast-site-content-layout":"full-width-container","site-content-style":"default","site-sidebar-style":"default","ast-global-header-display":"","ast-banner-title-visibility":"","ast-main-header-display":"","ast-hfb-above-header-display":"","ast-hfb-below-header-display":"","ast-hfb-mobile-header-display":"","site-post-title":"","ast-breadcrumbs-content":"","ast-featured-img":"disabled","footer-sml-layout":"","ast-disable-related-posts":"","theme-transparent-header-meta":"","adv-header-id-meta":"","stick-header-meta":"","header-above-stick-meta":"","header-main-stick-meta":"","header-below-stick-meta":"","astra-migrate-meta-layouts":"default","ast-page-background-enabled":"default","ast-page-background-meta":{"desktop":{"background-color":"var(--ast-global-color-5)","background-image":"","background-repeat":"repeat","background-position":"center center","background-size":"auto","background-attachment":"scroll","background-type":"","background-media":"","overlay-type":"","overlay-color":"","overlay-opacity":"","overlay-gradient":""},"tablet":{"background-color":"","background-image":"","background-repeat":"repeat","background-position":"center center","background-size":"auto","background-attachment":"scroll","background-type":"","background-media":"","overlay-type":"","overlay-color":"","overlay-opacity":"","overlay-gradient":""},"mobile":{"background-color":"","background-image":"","background-repeat":"repeat","background-position":"center center","background-size":"auto","background-attachment":"scroll","background-type":"","background-media":"","overlay-type":"","overlay-color":"","overlay-opacity":"","overlay-gradient":""}},"ast-content-background-meta":{"desktop":{"background-color":"var(--ast-global-color-4)","background-image":"","background-repeat":"repeat","background-position":"center center","background-size":"auto","background-attachment":"scroll","background-type":"","background-media":"","overlay-type":"","overlay-color":"","overlay-opacity":"","overlay-gradient":""},"tablet":{"background-color":"var(--ast-global-color-4)","background-image":"","background-repeat":"repeat","background-position":"center center","background-size":"auto","background-attachment":"scroll","background-type":"","background-media":"","overlay-type":"","overlay-color":"","overlay-opacity":"","overlay-gradient":""},"mobile":{"background-color":"var(--ast-global-color-4)","background-image":"","background-repeat":"repeat","background-position":"center center","background-size":"auto","background-attachment":"scroll","background-type":"","background-media":"","overlay-type":"","overlay-color":"","overlay-opacity":"","overlay-gradient":""}},"footnotes":""},"class_list":["post-802","page","type-page","status-publish","hentry"],"_links":{"self":[{"href":"https:\/\/pythonia.fr\/index.php\/wp-json\/wp\/v2\/pages\/802","targetHints":{"allow":["GET"]}}],"collection":[{"href":"https:\/\/pythonia.fr\/index.php\/wp-json\/wp\/v2\/pages"}],"about":[{"href":"https:\/\/pythonia.fr\/index.php\/wp-json\/wp\/v2\/types\/page"}],"author":[{"embeddable":true,"href":"https:\/\/pythonia.fr\/index.php\/wp-json\/wp\/v2\/users\/1"}],"replies":[{"embeddable":true,"href":"https:\/\/pythonia.fr\/index.php\/wp-json\/wp\/v2\/comments?post=802"}],"version-history":[{"count":10,"href":"https:\/\/pythonia.fr\/index.php\/wp-json\/wp\/v2\/pages\/802\/revisions"}],"predecessor-version":[{"id":814,"href":"https:\/\/pythonia.fr\/index.php\/wp-json\/wp\/v2\/pages\/802\/revisions\/814"}],"wp:attachment":[{"href":"https:\/\/pythonia.fr\/index.php\/wp-json\/wp\/v2\/media?parent=802"}],"curies":[{"name":"wp","href":"https:\/\/api.w.org\/{rel}","templated":true}]}}